{"id":16,"date":"2017-04-21T10:27:41","date_gmt":"2017-04-21T08:27:41","guid":{"rendered":"http:\/\/grundschule-cadenberge.de\/?page_id=16"},"modified":"2024-08-22T08:10:05","modified_gmt":"2024-08-22T06:10:05","slug":"links-und-downloads","status":"publish","type":"page","link":"http:\/\/grundschule-cadenberge.de\/index.php\/links-und-downloads\/","title":{"rendered":"Links und Downloads"},"content":{"rendered":"<h4><strong>Anmeldungen<\/strong><\/h4>\n<p><a href=\"http:\/\/grundschule-cadenberge.de\/wp-content\/uploads\/Anmeldung-Grundschule-Cadenberge.pdf\">Anmeldung Grundschule Cadenberge<\/a><\/p>\n<p><a href=\"http:\/\/grundschule-cadenberge.de\/wp-content\/uploads\/Betreuung-Anmeldung.pdf\">Anmeldung Betreuung<\/a><\/p>\n<p><a href=\"http:\/\/grundschule-cadenberge.de\/wp-content\/uploads\/Anmeldung-Schulfruehstueck.pdf\">Anmeldung Schulfr\u00fchst\u00fcck<\/a><\/p>\n<p>&nbsp;<\/p>\n<h4>Einverst\u00e4ndniserkl\u00e4rungen<\/h4>\n<p><a href=\"http:\/\/grundschule-cadenberge.de\/wp-content\/uploads\/Erklaerung-zur-Sorgeberechtigung.pdf\">Erkl\u00e4rung zur Sorgeberechtigung<\/a><\/p>\n<p><a href=\"http:\/\/grundschule-cadenberge.de\/wp-content\/uploads\/Einwilligung-zur-Veroeffentlichung-von-Fotos.pdf\">Einwilligung zur Ver\u00f6ffentlichung von Fotos<\/a><\/p>\n<p>&nbsp;<\/p>\n<h4><strong>Antr\u00e4ge<\/strong><\/h4>\n<p><a href=\"http:\/\/grundschule-cadenberge.de\/wp-content\/uploads\/Antrag-mehrtaegiger-Klassenfahrt-Jobcenter.pdf\">Antrag mehrt\u00e4giger Klassenfahrt Jobcenter<\/a><\/p>\n<p><a href=\"http:\/\/grundschule-cadenberge.de\/wp-content\/uploads\/Antrag-eintaetiger-Schul-und-Kindertagesstaettenausflug-Jobcenter.pdf\">Antrag eint\u00e4giger Schul- und Kindertagesst\u00e4ttenausflug Jobcenter<\/a><\/p>\n<p><a href=\"http:\/\/grundschule-cadenberge.de\/wp-content\/uploads\/Antrag-auf-Leistungen-zur-Teilhabe-am-sozialen-und-kulturellen-Leben-Jobcenter.pdf\">Antrag auf Leistungen zur Teilhabe am sozialen und kulturellen Leben Jobcenter<\/a><\/p>\n<p>&nbsp;<\/p>\n","protected":false},"excerpt":{"rendered":"<p>Anmeldungen Anmeldung Grundschule Cadenberge Anmeldung Betreuung Anmeldung Schulfr\u00fchst\u00fcck &nbsp; Einverst\u00e4ndniserkl\u00e4rungen Erkl\u00e4rung zur Sorgeberechtigung Einwilligung zur Ver\u00f6ffentlichung von Fotos &nbsp; Antr\u00e4ge Antrag mehrt\u00e4giger Klassenfahrt Jobcenter Antrag eint\u00e4giger Schul- und Kindertagesst\u00e4ttenausflug Jobcenter Antrag auf Leistungen zur Teilhabe am sozialen und kulturellen Leben Jobcenter &nbsp;<\/p>\n","protected":false},"author":1,"featured_media":0,"parent":0,"menu_order":0,"comment_status":"closed","ping_status":"closed","template":"","meta":{"footnotes":""},"_links":{"self":[{"href":"http:\/\/grundschule-cadenberge.de\/index.php\/wp-json\/wp\/v2\/pages\/16"}],"collection":[{"href":"http:\/\/grundschule-cadenberge.de\/index.php\/wp-json\/wp\/v2\/pages"}],"about":[{"href":"http:\/\/grundschule-cadenberge.de\/index.php\/wp-json\/wp\/v2\/types\/page"}],"author":[{"embeddable":true,"href":"http:\/\/grundschule-cadenberge.de\/index.php\/wp-json\/wp\/v2\/users\/1"}],"replies":[{"embeddable":true,"href":"http:\/\/grundschule-cadenberge.de\/index.php\/wp-json\/wp\/v2\/comments?post=16"}],"version-history":[{"count":13,"href":"http:\/\/grundschule-cadenberge.de\/index.php\/wp-json\/wp\/v2\/pages\/16\/revisions"}],"predecessor-version":[{"id":3632,"href":"http:\/\/grundschule-cadenberge.de\/index.php\/wp-json\/wp\/v2\/pages\/16\/revisions\/3632"}],"wp:attachment":[{"href":"http:\/\/grundschule-cadenberge.de\/index.php\/wp-json\/wp\/v2\/media?parent=16"}],"curies":[{"name":"wp","href":"https:\/\/api.w.org\/{rel}","templated":true}]}}