{"id":2005,"date":"2020-03-25T10:12:32","date_gmt":"2020-03-25T09:12:32","guid":{"rendered":"http:\/\/grundschule-cadenberge.de\/?page_id=2005"},"modified":"2025-06-03T17:29:34","modified_gmt":"2025-06-03T15:29:34","slug":"betreuung","status":"publish","type":"page","link":"http:\/\/grundschule-cadenberge.de\/index.php\/konzepte\/betreuung\/","title":{"rendered":"Betreuung"},"content":{"rendered":"<p>Die Grundschule Cadenberge ist eine verl\u00e4ssliche Grundschule. Dies bedeutet, dass die Kinder an jedem Schultag mindestens f\u00fcnf Zeitstunden in der Grundschule betreut werden.<\/p>\n<p>Der Unterricht f\u00fcr die 1. Klassen beginnt immer zur 2. Stunde um 8.30 Uhr, mit Ausnahme von F\u00f6rder- oder Zusatzstunden. F\u00fcr die\u00a0 2. Klassen ist der Unterrichtsbeginn an zwei Tagen der Woche um 7.45 Uhr und an drei Tagen um 8.30 Uhr<\/p>\n<p>Der Unterricht f\u00fcr die 3. und 4. Klassen beginnt immer zur 1. Stunde um 7.45 Uhr.<\/p>\n<p><strong>\u00a0<\/strong><strong>Betreuungszeiten<\/strong><\/p>\n<p>Die Betreuung findet f\u00fcr die Kinder der 1. und 2. Klassen immer montags bis freitags von<strong> 7.45 \u2013 8.30 Uhr<\/strong> statt. Die Ankommenszeit ist ab 7.30 Uhr.<\/p>\n<p>Die Kinder werden verbindlich f\u00fcr die jeweiligen Betreuungsstunden angemeldet, wobei auch flexible Betreuungszeiten, wie zum Beispiel die Betreuung nur an einzelnen Wochentagen m\u00f6glich sind.<\/p>\n<p>Sollten Kinder einmal nicht an der Betreuung teilnehmen, muss eine pers\u00f6nliche oder schriftliche Abmeldung der Eltern vorliegen.<\/p>\n<p><strong>\u00a0<\/strong><strong>Betreuungskr\u00e4fte<\/strong><\/p>\n<p>Die Betreuung wird von unseren p\u00e4dagogische Mitarbeiterinnen durchgef\u00fchrt:<\/p>\n<p>Frau\u00a0 Inge Kapp, staatlich anerkannte Erzieherin,<\/p>\n<p>Pinar Esed und Annemike Prie\u00df sind in der Betreuung unterst\u00fctzend t\u00e4tig.<\/p>\n<p><strong>Betreuungsraum<\/strong><\/p>\n<p>Es steht als Betreuungsraum die Aula der Grundschule zur Verf\u00fcgung, die f\u00fcr bis zu 30 Kinder geeignet ist. Die Gruppengr\u00f6\u00dfe schwankt je nach Stundenplan und Anzahl der angemeldeten Kinder pro Klasse. Die Betreuung wird bei einer Gruppengr\u00f6\u00dfe von \u00fcber 20 Kindern gegebenenfalls auch von zwei Betreuungskr\u00e4ften gemeinsam vorgenommen.<\/p>\n<p>Im Betreuungsraum befinden sich drei Aktionsbereiche:<\/p>\n<ul>\n<li>eine Bauecke<\/li>\n<li>eine Lese- und Spielecke mit Sitzgelegenheiten<\/li>\n<li>ein Bereich mit Tischen und St\u00fchlen zum Basteln, Malen und ev. zur Erledigung der Hausaufgaben<\/li>\n<\/ul>\n<p>Zu Beginn jeder Betreuungsstunde wird die Anwesenheit der Kinder anhand einer Liste \u00fcberpr\u00fcft und vermerkt.<\/p>\n<p><strong>Besch\u00e4ftigungsangebote<\/strong><\/p>\n<p>In der Betreuung haben die Kinder eine Vielzahl von Besch\u00e4ftigungsangeboten unter denen sie w\u00e4hlen k\u00f6nnen:<\/p>\n<p>In der Bauecke kann mit Legosteinen gebaut werden; weiterhin stehen Matchboxautos, Spiele und B\u00fccher zur Verf\u00fcgung.<\/p>\n<p>An Tischen kann gebastelt oder gemalt werden, es gibt auch besondere Angebote wie z.B. Steckperlen.<\/p>\n<p>Bei sch\u00f6nem Wetter kann die Betreuung der Kinder auch auf dem Schulhof mit Spielger\u00e4ten stattfinden. Es findet immer ein gemeinsamer Abschluss statt.<\/p>\n<p>Durch die verl\u00e4ssliche Betreuung haben die Eltern die M\u00f6glichkeit, feste Arbeitszeiten einplanen zu k\u00f6nnen und die Kinder werden sowohl im kreativen als auch im sozialen Bereich zus\u00e4tzlich gef\u00f6rdert.<\/p>\n","protected":false},"excerpt":{"rendered":"<p>Die Grundschule Cadenberge ist eine verl\u00e4ssliche Grundschule. Dies bedeutet, dass die Kinder an jedem Schultag mindestens f\u00fcnf Zeitstunden in der Grundschule betreut werden. Der Unterricht f\u00fcr die 1. Klassen beginnt immer zur 2. Stunde um 8.30 Uhr, mit Ausnahme von F\u00f6rder- oder Zusatzstunden. F\u00fcr die\u00a0 2. Klassen ist der Unterrichtsbeginn an zwei Tagen der Woche<br \/><a class=\"moretag\" href=\"http:\/\/grundschule-cadenberge.de\/index.php\/konzepte\/betreuung\/\">+ Read More<\/a><\/p>\n","protected":false},"author":3,"featured_media":0,"parent":24,"menu_order":0,"comment_status":"closed","ping_status":"closed","template":"","meta":{"footnotes":""},"_links":{"self":[{"href":"http:\/\/grundschule-cadenberge.de\/index.php\/wp-json\/wp\/v2\/pages\/2005"}],"collection":[{"href":"http:\/\/grundschule-cadenberge.de\/index.php\/wp-json\/wp\/v2\/pages"}],"about":[{"href":"http:\/\/grundschule-cadenberge.de\/index.php\/wp-json\/wp\/v2\/types\/page"}],"author":[{"embeddable":true,"href":"http:\/\/grundschule-cadenberge.de\/index.php\/wp-json\/wp\/v2\/users\/3"}],"replies":[{"embeddable":true,"href":"http:\/\/grundschule-cadenberge.de\/index.php\/wp-json\/wp\/v2\/comments?post=2005"}],"version-history":[{"count":6,"href":"http:\/\/grundschule-cadenberge.de\/index.php\/wp-json\/wp\/v2\/pages\/2005\/revisions"}],"predecessor-version":[{"id":3785,"href":"http:\/\/grundschule-cadenberge.de\/index.php\/wp-json\/wp\/v2\/pages\/2005\/revisions\/3785"}],"up":[{"embeddable":true,"href":"http:\/\/grundschule-cadenberge.de\/index.php\/wp-json\/wp\/v2\/pages\/24"}],"wp:attachment":[{"href":"http:\/\/grundschule-cadenberge.de\/index.php\/wp-json\/wp\/v2\/media?parent=2005"}],"curies":[{"name":"wp","href":"https:\/\/api.w.org\/{rel}","templated":true}]}}