{"id":2052,"date":"2020-03-27T10:27:22","date_gmt":"2020-03-27T09:27:22","guid":{"rendered":"http:\/\/grundschule-cadenberge.de\/?page_id=2052"},"modified":"2022-06-29T12:04:47","modified_gmt":"2022-06-29T10:04:47","slug":"sportfreundliche-schule","status":"publish","type":"page","link":"http:\/\/grundschule-cadenberge.de\/index.php\/konzepte\/sportfreundliche-schule\/","title":{"rendered":"Sportfreundliche Schule"},"content":{"rendered":"<p><strong>Auszeichnung &#8222;Sportfreundliche Schule&#8220;\u00a0<a href=\"http:\/\/grundschule-cadenberge.de\/index.php\/konzepte\/sportfreundliche-schule\/sportfreundliche-schule-2\/\" rel=\"attachment wp-att-2456\"><img decoding=\"async\" loading=\"lazy\" class=\"alignnone size-full wp-image-2456\" src=\"http:\/\/grundschule-cadenberge.de\/wp-content\/uploads\/sportfreundliche-Schule.jpg\" alt=\"\" width=\"124\" height=\"118\" \/><\/a><\/strong><\/p>\n<p>Seit dem Jahr 2017 hat die Grundschule Cadenberge die Landesauszeichnung \u201eSportfreundliche Schule\u201c. Ein wichtiger Bestandteil unseres schulischen Profils ist der sportliche Schwerpunkt, wozu sowohl ein ausgewogener Anteil an Unterrichtsstunden im Fach Sport geh\u00f6ren, als auch der Schwimmunterricht ab Klasse 2. Aber auch zu allen anderen Unterrichtsf\u00e4chern an unserer Schule geh\u00f6rt der Spa\u00df an der Bewegung dazu, immer wieder beziehen unsere Lehrerinnen und Lehrer in ihren Unterricht kleine Bewegungseinheiten ein. Zus\u00e4tzlich zum Regelunterricht arbeiten wir eng mit verschiedenen Sportvereinen und Sportverb\u00e4nden zusammen, wie beispielsweise die Abnahme Sportabzeichen. Die Regelm\u00e4\u00dfige Teilnahme an mehreren schulinternen sowie schul\u00fcbergreifenden Sportveranstaltungen ist f\u00fcr die Sch\u00fclerinnen und Sch\u00fcler immer ein besonderes Highlight. Zu unseren schulinternen Sportveranstaltungen geh\u00f6ren die Alternativen Bundesjugendspiele, die Winterolympiade und das Sportabzeichen. Dazu nehmen wir ebenfalls regelm\u00e4\u00dfig am Mattenhandballturnier, am Triathlon, den Kreisschulmeisterschaften, dem Schwimmfest und am K\u00fcstenmarathon teil.<\/p>\n<p>\u00dcber den Unterricht hinaus, findet sich unser sportliches Konzept ebenfalls in den Arbeitsgemeinschaften wieder, bei denen es ein vielf\u00e4ltiges und wechselndes Angebot an sportlichen Aktivit\u00e4ten wie Einradfahren, Laufen und Radfahren, Steppaerobic, Mattenhandball, Fu\u00dfball, Voltigieren und Turnen gibt.<\/p>\n<p>Auch die Gestaltung unseres Schulgel\u00e4ndes gibt den Kindern die M\u00f6glichkeit und l\u00e4dt sie dazu ein, sich innerhalb der Pausenzeiten zu bewegen.<\/p>\n<p>Die Auszeichnung \u201eSportfreundliche Schule\u201c bedeutet jedoch nicht nur allein die sportliche Aktivit\u00e4t an unserer Schule. Kein Sportler ist zu guten Leistungen f\u00e4hig ohne eine gesunde und ausgewogene Ern\u00e4hrung und das gilt nat\u00fcrlich im Besonderen f\u00fcr heranwachsende Kinder. Deswegen spielt das Thema gesunde Ern\u00e4hrung an unserer Schule ebenfalls eine gro\u00dfe Rolle und wir sind hierf\u00fcr als Schule mit dem Zertifikat &#8222;Gesund leben lernen&#8220; ausgezeichnet worden.<\/p>\n","protected":false},"excerpt":{"rendered":"<p>Auszeichnung &#8222;Sportfreundliche Schule&#8220;\u00a0 Seit dem Jahr 2017 hat die Grundschule Cadenberge die Landesauszeichnung \u201eSportfreundliche Schule\u201c. Ein wichtiger Bestandteil unseres schulischen Profils ist der sportliche Schwerpunkt, wozu sowohl ein ausgewogener Anteil an Unterrichtsstunden im Fach Sport geh\u00f6ren, als auch der Schwimmunterricht ab Klasse 2. Aber auch zu allen anderen Unterrichtsf\u00e4chern an unserer Schule geh\u00f6rt der Spa\u00df<br \/><a class=\"moretag\" href=\"http:\/\/grundschule-cadenberge.de\/index.php\/konzepte\/sportfreundliche-schule\/\">+ Read More<\/a><\/p>\n","protected":false},"author":3,"featured_media":0,"parent":24,"menu_order":0,"comment_status":"closed","ping_status":"closed","template":"","meta":{"footnotes":""},"_links":{"self":[{"href":"http:\/\/grundschule-cadenberge.de\/index.php\/wp-json\/wp\/v2\/pages\/2052"}],"collection":[{"href":"http:\/\/grundschule-cadenberge.de\/index.php\/wp-json\/wp\/v2\/pages"}],"about":[{"href":"http:\/\/grundschule-cadenberge.de\/index.php\/wp-json\/wp\/v2\/types\/page"}],"author":[{"embeddable":true,"href":"http:\/\/grundschule-cadenberge.de\/index.php\/wp-json\/wp\/v2\/users\/3"}],"replies":[{"embeddable":true,"href":"http:\/\/grundschule-cadenberge.de\/index.php\/wp-json\/wp\/v2\/comments?post=2052"}],"version-history":[{"count":4,"href":"http:\/\/grundschule-cadenberge.de\/index.php\/wp-json\/wp\/v2\/pages\/2052\/revisions"}],"predecessor-version":[{"id":2447,"href":"http:\/\/grundschule-cadenberge.de\/index.php\/wp-json\/wp\/v2\/pages\/2052\/revisions\/2447"}],"up":[{"embeddable":true,"href":"http:\/\/grundschule-cadenberge.de\/index.php\/wp-json\/wp\/v2\/pages\/24"}],"wp:attachment":[{"href":"http:\/\/grundschule-cadenberge.de\/index.php\/wp-json\/wp\/v2\/media?parent=2052"}],"curies":[{"name":"wp","href":"https:\/\/api.w.org\/{rel}","templated":true}]}}