{"id":2062,"date":"2020-03-27T11:31:13","date_gmt":"2020-03-27T10:31:13","guid":{"rendered":"http:\/\/grundschule-cadenberge.de\/?page_id=2062"},"modified":"2022-06-29T12:06:52","modified_gmt":"2022-06-29T10:06:52","slug":"gesund-leben-lernen","status":"publish","type":"page","link":"http:\/\/grundschule-cadenberge.de\/index.php\/konzepte\/gesund-leben-lernen\/","title":{"rendered":"Gesund Leben Lernen"},"content":{"rendered":"<p style=\"text-align: center;\"><a href=\"http:\/\/grundschule-cadenberge.de\/index.php\/konzepte\/gesund-leben-lernen\/gll\/\" rel=\"attachment wp-att-2458\"><img decoding=\"async\" loading=\"lazy\" class=\"alignnone size-medium wp-image-2458\" src=\"http:\/\/grundschule-cadenberge.de\/wp-content\/uploads\/GLL-300x192.jpg\" alt=\"\" width=\"300\" height=\"192\" srcset=\"http:\/\/grundschule-cadenberge.de\/wp-content\/uploads\/GLL-300x192.jpg 300w, http:\/\/grundschule-cadenberge.de\/wp-content\/uploads\/GLL-768x491.jpg 768w, http:\/\/grundschule-cadenberge.de\/wp-content\/uploads\/GLL-1024x655.jpg 1024w, http:\/\/grundschule-cadenberge.de\/wp-content\/uploads\/GLL.jpg 1895w\" sizes=\"(max-width: 300px) 100vw, 300px\" \/><\/a><\/p>\n<p style=\"text-align: justify;\">Die Grundschule Cadenberge hat erfolgreich an dem nieders\u00e4chsischen Programm \u201eGesund Leben Lernen\u201c (GLL) teilgenommen. Im Jahr 2021 wurde die Grundschule Cadenberge zertifiziert. Ziel war es, den \u201eLebensort Schule\u201c dauerhaft zu einer m\u00f6glichst gesunden Lebenswelt zu entwickeln. Sch\u00fclerinnen und Sch\u00fcler sowie Lehrkr\u00e4fte sollten gleicherma\u00dfen profitieren.<\/p>\n<p>\u201eGesund Leben Lernen\u201c ist ein Kooperationsprogramm zwischen den gesetzlichen Krankenkassen und der <em>Landesvereinigung f\u00fcr Gesundheit und Akademie f\u00fcr Sozialmedizin Niedersachsen<\/em>. Das Nieders\u00e4chsische Kultusministerium stellt eine Lehrerstelle f\u00fcr die Programmleitung zur Verf\u00fcgung. Seit 2003 haben \u00fcber 250 nieders\u00e4chsische Schulen teilgenommen. Gemeinsam arbeiten Schulkinder, Lehrkr\u00e4fte und Eltern daran, die Lern- und Arbeitsbedingungen ges\u00fcnder zu gestalten.<\/p>\n<p>Wir betrachten an unserer Schule Gesundheit ganzheitlich und beziehen alle Bereiche des schulischen Lebens mit in unser Gesundheitskonzept ein, d. h. k\u00f6rperliche, seelische und auch soziale Aspekte. Dabei ist eine enge Zusammenarbeit mit dem Elternhaus der Sch\u00fclerinnen und Sch\u00fcler sowie aller in Frage kommenden Institutionen (Beratungsstellen, Jugendhilfe, Psychologen und \u00c4rzten) w\u00fcnschenswert.<\/p>\n<p>&nbsp;<\/p>\n<p><strong>Ziele einer gesundheitsf\u00f6rdernden Schule sind f\u00fcr uns<\/strong>:<\/p>\n<p>1) Gute Beziehungen zwischen Lehrkr\u00e4ften und Sch\u00fclern, unter den Sch\u00fclern und gute Zusammenarbeit zwischen Schule, Elternhaus und Gemeinde.<\/p>\n<p>2) Durch schulische Umwelt (Einrichtung, Ausstattung, unterschiedliche Spielfl\u00e4chen, Biotop, R\u00fcckzugsm\u00f6glichkeiten) ein gesundheitsf\u00f6rderndes Arbeitsklima zu schaffen. Durch ein erweitertes Umfeld (z. B. Schulweg, Sch\u00fclerlotsen, Fahrradpr\u00fcfung) Sicherheit zu schaffen.<\/p>\n<p>3) Zu einer gesunden Lebensweise anhalten (Projekt \u2013 gesundes Schulfr\u00fchst\u00fcck, gemeinsames Pausenfr\u00fchst\u00fcck, UE \u2013 gesunde Ern\u00e4hrung, Sexualit\u00e4t, Hygiene, St\u00e4rkung der Eigenverantwortlichkeit).<\/p>\n<p>4) Durch Freude an Bewegung und Sport, die Gesundheit zu st\u00e4rken.<\/p>\n<p>5) Freude an Kultur, Musik, Theater und Konzerten.<\/p>\n<p>6) Beobachtung und Kontrolle von Gesundheit und Zahngesundheit.<\/p>\n<p>7) Regeln pflegen, sich h\u00f6flich und freundlich zu begegnen.<\/p>\n","protected":false},"excerpt":{"rendered":"<p>Die Grundschule Cadenberge hat erfolgreich an dem nieders\u00e4chsischen Programm \u201eGesund Leben Lernen\u201c (GLL) teilgenommen. Im Jahr 2021 wurde die Grundschule Cadenberge zertifiziert. Ziel war es, den \u201eLebensort Schule\u201c dauerhaft zu einer m\u00f6glichst gesunden Lebenswelt zu entwickeln. Sch\u00fclerinnen und Sch\u00fcler sowie Lehrkr\u00e4fte sollten gleicherma\u00dfen profitieren. \u201eGesund Leben Lernen\u201c ist ein Kooperationsprogramm zwischen den gesetzlichen Krankenkassen und<br \/><a class=\"moretag\" href=\"http:\/\/grundschule-cadenberge.de\/index.php\/konzepte\/gesund-leben-lernen\/\">+ Read More<\/a><\/p>\n","protected":false},"author":3,"featured_media":0,"parent":24,"menu_order":0,"comment_status":"closed","ping_status":"closed","template":"","meta":{"footnotes":""},"_links":{"self":[{"href":"http:\/\/grundschule-cadenberge.de\/index.php\/wp-json\/wp\/v2\/pages\/2062"}],"collection":[{"href":"http:\/\/grundschule-cadenberge.de\/index.php\/wp-json\/wp\/v2\/pages"}],"about":[{"href":"http:\/\/grundschule-cadenberge.de\/index.php\/wp-json\/wp\/v2\/types\/page"}],"author":[{"embeddable":true,"href":"http:\/\/grundschule-cadenberge.de\/index.php\/wp-json\/wp\/v2\/users\/3"}],"replies":[{"embeddable":true,"href":"http:\/\/grundschule-cadenberge.de\/index.php\/wp-json\/wp\/v2\/comments?post=2062"}],"version-history":[{"count":4,"href":"http:\/\/grundschule-cadenberge.de\/index.php\/wp-json\/wp\/v2\/pages\/2062\/revisions"}],"predecessor-version":[{"id":2459,"href":"http:\/\/grundschule-cadenberge.de\/index.php\/wp-json\/wp\/v2\/pages\/2062\/revisions\/2459"}],"up":[{"embeddable":true,"href":"http:\/\/grundschule-cadenberge.de\/index.php\/wp-json\/wp\/v2\/pages\/24"}],"wp:attachment":[{"href":"http:\/\/grundschule-cadenberge.de\/index.php\/wp-json\/wp\/v2\/media?parent=2062"}],"curies":[{"name":"wp","href":"https:\/\/api.w.org\/{rel}","templated":true}]}}