{"id":3297,"date":"2024-01-25T11:29:59","date_gmt":"2024-01-25T10:29:59","guid":{"rendered":"http:\/\/grundschule-cadenberge.de\/?page_id=3297"},"modified":"2024-01-30T09:49:42","modified_gmt":"2024-01-30T08:49:42","slug":"hinweise-zur-anmeldung-bei-iserv","status":"publish","type":"page","link":"http:\/\/grundschule-cadenberge.de\/index.php\/organisation\/hinweise-zur-anmeldung-bei-iserv\/","title":{"rendered":"IServ"},"content":{"rendered":"\n<p class=\"has-text-align-center has-medium-font-size\" style=\"letter-spacing:1.5px\">Unsere Schule nutzt die Kommunikationsplattform IServ f\u00fcr die interne Kommunikation. <\/p>\n\n\n\n<p><\/p>\n\n\n\n<p class=\"has-text-align-center\"><br>Im Folgenden finden Sie wichtige Hinweise zur Nutzung:<\/p>\n\n\n\n<p class=\"has-text-align-center\">Um Zugang zur Plattform zu erhalten, ben\u00f6tigen Sie Zugangsdaten, die Ihnen von unserer Schule in Papierform zur Verf\u00fcgung gestellt werden. <\/p>\n\n\n\n<p class=\"has-text-align-center\">Diese Zugangsdaten bestehen aus einem Anmeldeaccount und einem tempor\u00e4ren Passwort (einer 6-stelligen Nummer).<\/p>\n\n\n\n<p class=\"has-text-align-center\">Die erstmalige Anmeldung muss zwingend \u00fcber die Internetseite <a href=\"http:\/\/www.gs-cadenberge.de\/\">www.gs-cadenberge.de<\/a> erfolgen und nicht \u00fcber die IServ-App.<\/p>\n\n\n\n<p><\/p>\n\n\n\n<p><\/p>\n\n\n\n<p><\/p>\n\n\n\n<hr class=\"wp-block-separator has-alpha-channel-opacity\"\/>\n\n\n\n<p class=\"has-medium-font-size\" style=\"letter-spacing:1.5px\"><strong>Anmeldevorgang:<\/strong><\/p>\n\n\n\n<p>Bitte besuchen Sie zun\u00e4chst die Webseite <a href=\"http:\/\/www.gs-cadenberge.de\/\">www.gs-cadenberge.de<\/a> und geben Sie dort Ihren Account und das vorl\u00e4ufige Passwort ein.<\/p>\n\n\n\n<p>Anschlie\u00dfend werden Sie gebeten, ein pers\u00f6nliches Passwort zu erstellen.<\/p>\n\n\n\n<p>Nachdem Sie Ihr neues Passwort definiert haben, k\u00f6nnen Sie sich entweder weiterhin \u00fcber die Weboberfl\u00e4che von IServ anmelden oder ab sofort die passende IServ-App auf Ihrem Handy\/Tablet verwenden.<\/p>\n\n\n\n<p><\/p>\n\n\n\n<p><\/p>\n","protected":false},"excerpt":{"rendered":"<p>Unsere Schule nutzt die Kommunikationsplattform IServ f\u00fcr die interne Kommunikation. Im Folgenden finden Sie wichtige Hinweise zur Nutzung: Um Zugang zur Plattform zu erhalten, ben\u00f6tigen Sie Zugangsdaten, die Ihnen von unserer Schule in Papierform zur Verf\u00fcgung gestellt werden. Diese Zugangsdaten bestehen aus einem Anmeldeaccount und einem tempor\u00e4ren Passwort (einer 6-stelligen Nummer). Die erstmalige Anmeldung muss<br \/><a class=\"moretag\" href=\"http:\/\/grundschule-cadenberge.de\/index.php\/organisation\/hinweise-zur-anmeldung-bei-iserv\/\">+ Read More<\/a><\/p>\n","protected":false},"author":7,"featured_media":0,"parent":18,"menu_order":1,"comment_status":"closed","ping_status":"closed","template":"","meta":{"footnotes":""},"_links":{"self":[{"href":"http:\/\/grundschule-cadenberge.de\/index.php\/wp-json\/wp\/v2\/pages\/3297"}],"collection":[{"href":"http:\/\/grundschule-cadenberge.de\/index.php\/wp-json\/wp\/v2\/pages"}],"about":[{"href":"http:\/\/grundschule-cadenberge.de\/index.php\/wp-json\/wp\/v2\/types\/page"}],"author":[{"embeddable":true,"href":"http:\/\/grundschule-cadenberge.de\/index.php\/wp-json\/wp\/v2\/users\/7"}],"replies":[{"embeddable":true,"href":"http:\/\/grundschule-cadenberge.de\/index.php\/wp-json\/wp\/v2\/comments?post=3297"}],"version-history":[{"count":8,"href":"http:\/\/grundschule-cadenberge.de\/index.php\/wp-json\/wp\/v2\/pages\/3297\/revisions"}],"predecessor-version":[{"id":3310,"href":"http:\/\/grundschule-cadenberge.de\/index.php\/wp-json\/wp\/v2\/pages\/3297\/revisions\/3310"}],"up":[{"embeddable":true,"href":"http:\/\/grundschule-cadenberge.de\/index.php\/wp-json\/wp\/v2\/pages\/18"}],"wp:attachment":[{"href":"http:\/\/grundschule-cadenberge.de\/index.php\/wp-json\/wp\/v2\/media?parent=3297"}],"curies":[{"name":"wp","href":"https:\/\/api.w.org\/{rel}","templated":true}]}}