{"id":3875,"date":"2025-10-09T15:54:23","date_gmt":"2025-10-09T13:54:23","guid":{"rendered":"http:\/\/grundschule-cadenberge.de\/?page_id=3875"},"modified":"2025-10-09T15:57:41","modified_gmt":"2025-10-09T13:57:41","slug":"erklaerung-zur-barrierefreiheit-ezb","status":"publish","type":"page","link":"http:\/\/grundschule-cadenberge.de\/index.php\/erklaerung-zur-barrierefreiheit-ezb\/","title":{"rendered":"Erkl\u00e4rung zur Barrierefreiheit (EzB)"},"content":{"rendered":"\n<p>Diese Website ist <strong>teilweise mit den Anforderungen der NBITV vereinbar<\/strong>.<\/p>\n\n\n\n<p>Nicht barrierefreie Inhalte:<\/p>\n\n\n\n<ul>\n<li><strong>PDF-Dokumente<\/strong> und Formulare sind nicht vollst\u00e4ndig barrierefrei.<\/li>\n\n\n\n<li><strong>Bilder und Grafiken<\/strong> verf\u00fcgen noch nicht \u00fcber aussagekr\u00e4ftige Alternativtexte.<\/li>\n\n\n\n<li>Die <strong>Navigation<\/strong> und <strong>Kontraste<\/strong> entsprechen teilweise noch nicht vollst\u00e4ndig den BITV-Kriterien<\/li>\n<\/ul>\n\n\n\n<p>Die Schule arbeitet kontinuierlich daran, diese M\u00e4ngel zu beheben.<\/p>\n\n\n\n<hr class=\"wp-block-separator has-alpha-channel-opacity\"\/>\n\n\n\n<h3 class=\"wp-block-heading\">Erstellung dieser Erkl\u00e4rung<\/h3>\n\n\n\n<p>Diese Erkl\u00e4rung wurde am<strong> 9. Oktober 2025<\/strong> erstellt und beruht auf einer <strong>Selbsteinsch\u00e4tzung<\/strong> der Einrichtung.<br>Die Erkl\u00e4rung wird regelm\u00e4\u00dfig \u00fcberpr\u00fcft und bei \u00c4nderungen der Website aktualisiert.<\/p>\n\n\n\n<hr class=\"wp-block-separator has-alpha-channel-opacity\"\/>\n\n\n\n<h3 class=\"wp-block-heading\">R\u00fcckmeldung und Kontakt<\/h3>\n\n\n\n<p>Sind Ihnen M\u00e4ngel beim barrierefreien Zugang zu Inhalten dieser Website aufgefallen?<br>Oder m\u00f6chten Sie barrierefreie Informationen zu Inhalten erhalten, die nicht barrierefrei zug\u00e4nglich sind?<\/p>\n\n\n\n<p>Dann wenden Sie sich bitte an uns:<\/p>\n\n\n\n<p><strong>Grundschule Cadenberge<\/strong><br>Heideweg 12a<br>21781 Cadenberge<br>\ud83d\udce7 <strong><a>sekretariat.cadenberge@gs-cadenberge.de<\/a><\/strong><br>\ud83d\udcde <a href=\"https:\/\/www.google.com\/search?q=grundschule+cadenberge&amp;rlz=1C1CHBF_deDE816DE816&amp;oq=grundschule+cadenberge+&amp;gs_lcrp=EgZjaHJvbWUyCggAEEUYFhgeGDkyBwgBEAAYgAQyCAgCEAAYFhgeMggIAxAAGBYYHjIGCAQQRRg8MgYIBRBFGDwyBggGEEUYPDIGCAcQRRhB0gEIMzgxMWowajeoAgCwAgA&amp;sourceid=chrome&amp;ie=UTF-8#\">04777 1816<\/a><\/p>\n\n\n\n<hr class=\"wp-block-separator has-alpha-channel-opacity\"\/>\n\n\n\n<h3 class=\"wp-block-heading\">Durchsetzungsverfahren<\/h3>\n\n\n\n<p>Sollten Sie innerhalb von sechs Wochen nach Eingang Ihrer Anfrage keine zufriedenstellende Antwort von der Schule erhalten, k\u00f6nnen Sie sich an die zust\u00e4ndige Durchsetzungsstelle wenden.<\/p>\n\n\n\n<p><strong>Durchsetzungsstelle:<\/strong><br>Landesbeauftragte f\u00fcr Menschen mit Behinderungen des Landes Niedersachsen<br>Nieders\u00e4chsisches Ministerium f\u00fcr Soziales, Arbeit, Gesundheit und Gleichstellung<br>Postfach 141<br>30001 Hannover<\/p>\n\n\n\n<p>\ud83d\udce7 <strong><a>LBB@ms.niedersachsen.de<\/a><\/strong><br>\ud83c\udf10 <strong><a>https:\/\/www.ms.niedersachsen.de\/barrierefreiheit<\/a><\/strong><\/p>\n\n\n\n<hr class=\"wp-block-separator has-alpha-channel-opacity\"\/>\n\n\n\n<h3 class=\"wp-block-heading\">Hinweis<\/h3>\n\n\n\n<p>Wir bem\u00fchen uns, die Website der Grundschule Cadenberge kontinuierlich barrierefreier zu gestalten.<br>Falls Sie Verbesserungsvorschl\u00e4ge oder Hinweise haben, freuen wir uns \u00fcber Ihre Nachricht.<\/p>\n","protected":false},"excerpt":{"rendered":"<p>Diese Website ist teilweise mit den Anforderungen der NBITV vereinbar. Nicht barrierefreie Inhalte: Die Schule arbeitet kontinuierlich daran, diese M\u00e4ngel zu beheben. Erstellung dieser Erkl\u00e4rung Diese Erkl\u00e4rung wurde am 9. Oktober 2025 erstellt und beruht auf einer Selbsteinsch\u00e4tzung der Einrichtung.Die Erkl\u00e4rung wird regelm\u00e4\u00dfig \u00fcberpr\u00fcft und bei \u00c4nderungen der Website aktualisiert. R\u00fcckmeldung und Kontakt Sind Ihnen<br \/><a class=\"moretag\" href=\"http:\/\/grundschule-cadenberge.de\/index.php\/erklaerung-zur-barrierefreiheit-ezb\/\">+ Read More<\/a><\/p>\n","protected":false},"author":7,"featured_media":0,"parent":0,"menu_order":0,"comment_status":"closed","ping_status":"closed","template":"","meta":{"footnotes":""},"_links":{"self":[{"href":"http:\/\/grundschule-cadenberge.de\/index.php\/wp-json\/wp\/v2\/pages\/3875"}],"collection":[{"href":"http:\/\/grundschule-cadenberge.de\/index.php\/wp-json\/wp\/v2\/pages"}],"about":[{"href":"http:\/\/grundschule-cadenberge.de\/index.php\/wp-json\/wp\/v2\/types\/page"}],"author":[{"embeddable":true,"href":"http:\/\/grundschule-cadenberge.de\/index.php\/wp-json\/wp\/v2\/users\/7"}],"replies":[{"embeddable":true,"href":"http:\/\/grundschule-cadenberge.de\/index.php\/wp-json\/wp\/v2\/comments?post=3875"}],"version-history":[{"count":1,"href":"http:\/\/grundschule-cadenberge.de\/index.php\/wp-json\/wp\/v2\/pages\/3875\/revisions"}],"predecessor-version":[{"id":3876,"href":"http:\/\/grundschule-cadenberge.de\/index.php\/wp-json\/wp\/v2\/pages\/3875\/revisions\/3876"}],"wp:attachment":[{"href":"http:\/\/grundschule-cadenberge.de\/index.php\/wp-json\/wp\/v2\/media?parent=3875"}],"curies":[{"name":"wp","href":"https:\/\/api.w.org\/{rel}","templated":true}]}}